{"id":208,"date":"2024-01-18T13:05:45","date_gmt":"2024-01-18T12:05:45","guid":{"rendered":"https:\/\/kompetencjecyfrowe.uksw.edu.pl\/?page_id=208"},"modified":"2024-01-20T00:06:00","modified_gmt":"2024-01-19T23:06:00","slug":"kursy-on-line","status":"publish","type":"page","link":"https:\/\/kompetencjecyfrowe.uksw.edu.pl\/?page_id=208","title":{"rendered":"Kursy on-line"},"content":{"rendered":"\n<p><strong>Kursy on-line realizowane w ramach projektu Model normatywny podnoszenia kompetencji cyfrowych w szko\u0142ach wy\u017cszych udost\u0119pnione b\u0119d\u0105 w drugiej po\u0142owie 2024r.<\/strong> <\/p>\n\n\n\n<p>Obecnie zach\u0119camy do zapoznania si\u0119 z ofert\u0105 bezp\u0142atnych kurs\u00f3w oferowanych przez Polskie uczelnie w ramach platformy  NAVOICA  <\/p>\n\n\n\n<p>NAVOICA jest polsk\u0105 platform\u0105 edukacyjn\u0105 z kursami typu <strong>MOOC<\/strong>, nale\u017c\u0105c\u0105 do Ministerstwa Edukacji i Nauki, kt\u00f3r\u0105 rozwija <strong>O\u015brodek Przetwarzania Informacji \u2013 Pa\u0144stwowy Instytut Badawczy (OPI PIB)<\/strong>.<\/p>\n\n\n\n<p>Wi\u0119cej szczeg\u00f3\u0142\u00f3w o platformie NAVOICA dost\u0119pna na stronie internetowej https:\/\/navoica.pl\/ <\/p>\n\n\n\n<p>proponowane kursy : <\/p>\n\n\n\n<ol>\n<li>Zarz\u0105dzanie danymi badawczymi dla naukowc\u00f3w &#8211; kurs podstawowy. Szczeg\u00f3\u0142y kursu oraz zapisy dost\u0119pne s\u0105 na stronie:   https:\/\/navoica.pl\/courses\/course-v1:UniwersytetWarszawski+RDM_03+2023_01\/about <\/li>\n\n\n\n<li>Zarz\u0105dzanie danymi badawczymi dla data steward\u00f3w &#8211; kurs podstawowy.  Szczeg\u00f3\u0142y kursu oraz zapisy dost\u0119pne s\u0105 na stronie:  https:\/\/navoica.pl\/courses\/course-v1:UniwersytetWarszawski+RDM_01+2023_01\/about <\/li>\n\n\n\n<li>Zarz\u0105dzanie danymi badawczymi dla data steward\u00f3w &#8211; kurs \u015brednio zaawansowany. Szczeg\u00f3\u0142y kursu oraz zapisy dost\u0119pne s\u0105 na stronie:  https:\/\/navoica.pl\/courses\/course-v1:UniwersytetWarszawski+RDM_02+2023_01\/about <\/li>\n\n\n\n<li>\u015arodowisko przyrodnicze na cyfrowo (kurs dla zastosowa\u0144 w planowaniu przestrzennym). Szczeg\u00f3\u0142y kursu oraz zapisy dost\u0119pne s\u0105 na stronie:  https:\/\/navoica.pl\/courses\/course-v1:UAM+SEJ_K1B+2023_E4\/about <\/li>\n\n\n\n<li>\u015arodowisko przyrodnicze na cyfrowo (kurs dla zastosowa\u0144 edukacyjnych). Szczeg\u00f3\u0142y kursu oraz zapisy dost\u0119pne s\u0105 na stronie:  https:\/\/navoica.pl\/courses\/course-v1:UAM+SEJ_K1A+2023_E4\/about <\/li>\n\n\n\n<li>Podstawy j\u0119zyka Javascript &#8211; j\u0119zyka przegl\u0105darek internetowych. Szczeg\u00f3\u0142y kursu oraz zapisy dost\u0119pne s\u0105 na stronie:  https:\/\/navoica.pl\/courses\/course-v1:Uniwersytet_Gdanski+UG_JS+2023\/about <\/li>\n\n\n\n<li>Od pomys\u0142u do miliona pobra\u0144. Jak tworzy\u0107 aplikacje mobilne?. Szczeg\u00f3\u0142y kursu oraz zapisy dost\u0119pne s\u0105 na stronie:  https:\/\/navoica.pl\/courses\/course-v1:Akademia_Finansow_i_Biznesu_Vistula+AFIB_0104+2023_02\/about <\/li>\n\n\n\n<li>Wykorzystanie wybranych metod ilo\u015bciowych i informatyki w ekonomii. Szczeg\u00f3\u0142y kursu oraz zapisy dost\u0119pne s\u0105 na stronie:   https:\/\/navoica.pl\/courses\/course-v1:UEP+POL004+2023_3\/about <\/li>\n\n\n\n<li>Kurs dla koordynator\u00f3w systemu POL-on. Szczeg\u00f3\u0142y kursu oraz zapisy dost\u0119pne s\u0105 na stronie:  https:\/\/navoica.pl\/courses\/course-v1:OPI_PIB+Koordynatorzy_POLon+01_2023\/about <\/li>\n\n\n\n<li>Projektowanie witryn internetowych. Szczeg\u00f3\u0142y kursu oraz zapisy dost\u0119pne s\u0105 na stronie:  https:\/\/navoica.pl\/courses\/course-v1:AEH+PWI06+2023_EdOt_2\/about <\/li>\n\n\n\n<li>Website Development. Szczeg\u00f3\u0142y kursu oraz zapisy dost\u0119pne s\u0105 na stronie:  https:\/\/navoica.pl\/courses\/course-v1:AEH+WD_07+2023_EdOt_2\/about <\/li>\n\n\n\n<li>Basics of Programming. Szczeg\u00f3\u0142y kursu oraz zapisy dost\u0119pne s\u0105 na stronie:  https:\/\/navoica.pl\/courses\/course-v1:AEH+BOP30+2023_EdOt_2\/about <\/li>\n\n\n\n<li>Projektowanie grafiki u\u017cytkowej z elementami zastosowania marketingu internetowego w mediach spo\u0142eczno\u015bciowych. Szczeg\u00f3\u0142y kursu oraz zapisy dost\u0119pne s\u0105 na stronie:  https:\/\/navoica.pl\/courses\/course-v1:Wyzsza-Szkola-Gospodarki-Bydgoszcz+WSG-04+2023_3\/about <\/li>\n\n\n\n<li>Obs\u0142uga i bezpiecze\u0144stwo urz\u0105dze\u0144 mobilnych. Szczeg\u00f3\u0142y kursu oraz zapisy dost\u0119pne s\u0105 na stronie:  https:\/\/navoica.pl\/courses\/course-v1:Wyzsza_Szkola_Gospodarki+WSG-03+3\/about <\/li>\n\n\n\n<li>Podstawy programowania w j\u0119zyku Python 3. Szczeg\u00f3\u0142y kursu oraz zapisy dost\u0119pne s\u0105 na stronie:  https:\/\/navoica.pl\/courses\/course-v1:Uniwersytet_Szczecinski+PP1+2023_5\/about <\/li>\n\n\n\n<li>Wprowadzenie do kryptografii. Szczeg\u00f3\u0142y kursu oraz zapisy dost\u0119pne s\u0105 na stronie: https:\/\/navoica.pl\/courses\/course-v1:PolitechnikaKrakowska+WdK_KMS+2022_E4\/about <\/li>\n\n\n\n<li>Obliczenia wysokiej wydajno\u015bci. Szczeg\u00f3\u0142y kursu oraz zapisy dost\u0119pne s\u0105 na stronie:  https:\/\/navoica.pl\/courses\/course-v1:PolitechnikaKrakowska+WliT_I_ollS_D7+2022_E4\/about <\/li>\n\n\n\n<li>Literatura a nowe media. Szczeg\u00f3\u0142y kursu oraz zapisy dost\u0119pne s\u0105 na stronie:  https:\/\/navoica.pl\/courses\/course-v1:Uniwersytet_Pedagogiczny_w_Krakowie+Lit4+2022_4\/about <\/li>\n\n\n\n<li>Programowanie w j\u0119zyku Python. Szczeg\u00f3\u0142y kursu oraz zapisy dost\u0119pne s\u0105 na stronie:   https:\/\/navoica.pl\/courses\/course-v1:PolitechnikaKrakowska+Python+2022_E4\/about <\/li>\n\n\n\n<li>Opracowanie i prezentacja danych. Szczeg\u00f3\u0142y kursu oraz zapisy dost\u0119pne s\u0105 na stronie:  https:\/\/navoica.pl\/courses\/course-v1:SWPW+OG01+2022\/about <\/li>\n\n\n\n<li>Excel w praktyce. Szczeg\u00f3\u0142y kursu oraz zapisy dost\u0119pne s\u0105 na stronie:  https:\/\/navoica.pl\/courses\/course-v1:Politechnika_Bialostocka+PB009+2022_3\/about <\/li>\n\n\n\n<li>Analiza i przetwarzanie obraz\u00f3w biometrycznych. Szczeg\u00f3\u0142y kursu oraz zapisy dost\u0119pne s\u0105 na stronie:  https:\/\/navoica.pl\/courses\/course-v1:PolitechnikaBialostocka+AiPOB+2022_3\/about <\/li>\n\n\n\n<li>Rozpoznawanie cz\u0142owieka\u00a0metodami\u00a0biometrii. Szczeg\u00f3\u0142y kursu oraz zapisy dost\u0119pne s\u0105 na stronie:   https:\/\/navoica.pl\/courses\/course-v1:Politechnika_Bialostocka+RCMB+2022_3\/about <\/li>\n\n\n\n<li>Statistical Data Analysis. Szczeg\u00f3\u0142y kursu oraz zapisy dost\u0119pne s\u0105 na stronie:  https:\/\/navoica.pl\/courses\/course-v1:Politechnika_Bialostocka+PB008_ang+2022_2\/about <\/li>\n\n\n\n<li>Statystyczna analiza danych. Szczeg\u00f3\u0142y kursu oraz zapisy dost\u0119pne s\u0105 na stronie:  https:\/\/navoica.pl\/courses\/course-v1:Politechnika_Bialostocka+PB008+2022_S3\/about <\/li>\n\n\n\n<li>Techniki zabezpieczania danych w Internecie. Szczeg\u00f3\u0142y kursu oraz zapisy dost\u0119pne s\u0105 na stronie:  https:\/\/navoica.pl\/courses\/course-v1:Politechnika_Bialostocka+TZDwl+2022_3\/about <\/li>\n\n\n\n<li>Zarz\u0105dzanie projektami. Szczeg\u00f3\u0142y kursu oraz zapisy dost\u0119pne s\u0105 na stronie:  https:\/\/navoica.pl\/courses\/course-v1:AEH+ZP10+2022_1\/about <\/li>\n\n\n\n<li>Nowoczesny marketing i w\u0142asny sklep internetowy. Szczeg\u00f3\u0142y kursu oraz zapisy dost\u0119pne s\u0105 na stronie:   https:\/\/navoica.pl\/courses\/course-v1:Politechnika_Bydgoska+K6+2022_3\/about <\/li>\n\n\n\n<li>Excel w przedsi\u0119biorstwie. Szczeg\u00f3\u0142y kursu oraz zapisy dost\u0119pne s\u0105 na stronie:  https:\/\/navoica.pl\/courses\/course-v1:Politechnika_Bydgoska+K4+2022_3\/about <\/li>\n\n\n\n<li>Narz\u0119dzia cyfrowej gospodarki. Szczeg\u00f3\u0142y kursu oraz zapisy dost\u0119pne s\u0105 na stronie:  https:\/\/navoica.pl\/courses\/course-v1:AkademiaWSB+NCG1.2+2022.3\/about <\/li>\n\n\n\n<li>Nauka programowania w j\u0119zyku C. Szczeg\u00f3\u0142y kursu oraz zapisy dost\u0119pne s\u0105 na stronie: https:\/\/navoica.pl\/courses\/course-v1:Politechnika_Bialostocka+INF_C+2022_S3\/about <\/li>\n\n\n\n<li>Nauka konfiguracji sprz\u0119tu i zarz\u0105dzania sieciami komputerowymi. Szczeg\u00f3\u0142y kursu oraz zapisy dost\u0119pne s\u0105 na stronie:  https:\/\/navoica.pl\/courses\/course-v1:Politechnika_Bialostocka+NKSZSK+2022_S5\/about <\/li>\n\n\n\n<li>Wsp\u00f3\u0142czesne narz\u0119dzia ICT i innowacyjne metody kreatywnej edukacji. Szczeg\u00f3\u0142y kursu oraz zapisy dost\u0119pne s\u0105 na stronie:  https:\/\/navoica.pl\/courses\/course-v1:UniwersytetSlaski+ME_01+2022_4\/about <\/li>\n\n\n\n<li>Wprowadzenie do testowania oprogramowania. Szczeg\u00f3\u0142y kursu oraz zapisy dost\u0119pne s\u0105 na stronie:  https:\/\/navoica.pl\/courses\/course-v1:ZPSB+WTO1+2022_WTO1\/about <\/li>\n\n\n\n<li>Computer Support for Business Decisions. Szczeg\u00f3\u0142y kursu oraz zapisy dost\u0119pne s\u0105 na stronie:  https:\/\/navoica.pl\/courses\/course-v1:ZPSB+KWDB1_EN+2022_KWDB1_EN\/about <\/li>\n\n\n\n<li>\u0179r\u00f3d\u0142a informacji naukowej w \u015brodowisku internetowym. Szczeg\u00f3\u0142y kursu oraz zapisy dost\u0119pne s\u0105 na stronie:  https:\/\/navoica.pl\/courses\/course-v1:UniwersytetSlaski+ME_05+2021_3\/about <\/li>\n\n\n\n<li>Podstawy programowania C++. Szczeg\u00f3\u0142y kursu oraz zapisy dost\u0119pne s\u0105 na stronie:  https:\/\/navoica.pl\/courses\/course-v1:ZPSB+PP3+2021_PP3\/about <\/li>\n\n\n\n<li>Podstawy programowania Python. Szczeg\u00f3\u0142y kursu oraz zapisy dost\u0119pne s\u0105 na stronie:  https:\/\/navoica.pl\/courses\/course-v1:ZPSB+PPP1+2021_PP1\/about <\/li>\n\n\n\n<li>Kluczowe kompetencje w biznesie. Szczeg\u00f3\u0142y kursu oraz zapisy dost\u0119pne s\u0105 na stronie:  https:\/\/navoica.pl\/courses\/course-v1:ZPSB+KK4+2021_KK4\/about <\/li>\n\n\n\n<li>Komputerowe wspomaganie decyzji biznesowych. Szczeg\u00f3\u0142y kursu oraz zapisy dost\u0119pne s\u0105 na stronie:  https:\/\/navoica.pl\/courses\/course-v1:ZPSB+KWDB2+2021_KWDB2\/about <\/li>\n\n\n\n<li>Algorytmy i struktury danych. Szczeg\u00f3\u0142y kursu oraz zapisy dost\u0119pne s\u0105 na stronie:  https:\/\/navoica.pl\/courses\/course-v1:ZPSB+ASD2+2021_ASD2\/about <\/li>\n\n\n\n<li>Podstawy sztucznej inteligencji. Szczeg\u00f3\u0142y kursu oraz zapisy dost\u0119pne s\u0105 na stronie:  https:\/\/navoica.pl\/courses\/course-v1:OPI_PIB_DZI+Podstawy_SI+Podstawy_SI_02\/about <\/li>\n<\/ol>\n","protected":false},"excerpt":{"rendered":"<p>Kursy on-line realizowane w ramach projektu Model normatywny podnoszenia kompetencji cyfrowych w szko\u0142ach wy\u017cszych udost\u0119pnione [&hellip;]<\/p>\n","protected":false},"author":3,"featured_media":0,"parent":52,"menu_order":0,"comment_status":"closed","ping_status":"closed","template":"","meta":{"footnotes":""},"_links":{"self":[{"href":"https:\/\/kompetencjecyfrowe.uksw.edu.pl\/index.php?rest_route=\/wp\/v2\/pages\/208"}],"collection":[{"href":"https:\/\/kompetencjecyfrowe.uksw.edu.pl\/index.php?rest_route=\/wp\/v2\/pages"}],"about":[{"href":"https:\/\/kompetencjecyfrowe.uksw.edu.pl\/index.php?rest_route=\/wp\/v2\/types\/page"}],"author":[{"embeddable":true,"href":"https:\/\/kompetencjecyfrowe.uksw.edu.pl\/index.php?rest_route=\/wp\/v2\/users\/3"}],"replies":[{"embeddable":true,"href":"https:\/\/kompetencjecyfrowe.uksw.edu.pl\/index.php?rest_route=%2Fwp%2Fv2%2Fcomments&post=208"}],"version-history":[{"count":3,"href":"https:\/\/kompetencjecyfrowe.uksw.edu.pl\/index.php?rest_route=\/wp\/v2\/pages\/208\/revisions"}],"predecessor-version":[{"id":336,"href":"https:\/\/kompetencjecyfrowe.uksw.edu.pl\/index.php?rest_route=\/wp\/v2\/pages\/208\/revisions\/336"}],"up":[{"embeddable":true,"href":"https:\/\/kompetencjecyfrowe.uksw.edu.pl\/index.php?rest_route=\/wp\/v2\/pages\/52"}],"wp:attachment":[{"href":"https:\/\/kompetencjecyfrowe.uksw.edu.pl\/index.php?rest_route=%2Fwp%2Fv2%2Fmedia&parent=208"}],"curies":[{"name":"wp","href":"https:\/\/api.w.org\/{rel}","templated":true}]}}