{"id":45,"date":"2023-12-17T08:57:39","date_gmt":"2023-12-17T07:57:39","guid":{"rendered":"https:\/\/kompetencjecyfrowe.uksw.edu.pl\/?page_id=45"},"modified":"2024-01-22T17:07:07","modified_gmt":"2024-01-22T16:07:07","slug":"aktualnosci","status":"publish","type":"page","link":"https:\/\/kompetencjecyfrowe.uksw.edu.pl\/?page_id=45","title":{"rendered":"Aktualno\u015bci"},"content":{"rendered":"\n<div class=\"wp-block-query is-layout-flow wp-block-query-is-layout-flow\"><ul class=\"wp-block-post-template is-layout-flow wp-block-post-template-is-layout-flow\"><li class=\"wp-block-post post-235 post type-post status-publish format-standard hentry category-bez-kategorii\">\n\n<div class=\"wp-block-columns alignwide is-layout-flex wp-container-core-columns-layout-1 wp-block-columns-is-layout-flex\">\n<div class=\"wp-block-column is-layout-flow wp-block-column-is-layout-flow\" style=\"flex-basis:100%\"><h2 class=\"wp-block-post-title\"><a href=\"https:\/\/kompetencjecyfrowe.uksw.edu.pl\/?p=235\" target=\"_self\" >Konferencja naukowa &#8222;Gry edukacyjne w podnoszeniu kompetencji cyfrowych&#8221;<\/a><\/h2>\n\n<div class=\"wp-block-post-excerpt\"><p class=\"wp-block-post-excerpt__excerpt\">Konferencja naukowa &#8222;Gry edukacyjne w podnoszeniu kompetencji cyfrowych&#8221; w dniu 19 grudnia 2023<\/p><p class=\"wp-block-post-excerpt__more-text\"><a class=\"wp-block-post-excerpt__more-link\" href=\"https:\/\/kompetencjecyfrowe.uksw.edu.pl\/?p=235\">Czytaj dalej&#8230;<\/a><\/p><\/div><\/div>\n<\/div>\n\n<\/li><li class=\"wp-block-post post-190 post type-post status-publish format-standard hentry category-bez-kategorii\">\n\n<div class=\"wp-block-columns alignwide is-layout-flex wp-container-core-columns-layout-2 wp-block-columns-is-layout-flex\">\n<div class=\"wp-block-column is-layout-flow wp-block-column-is-layout-flow\" style=\"flex-basis:100%\"><h2 class=\"wp-block-post-title\"><a href=\"https:\/\/kompetencjecyfrowe.uksw.edu.pl\/?p=190\" target=\"_self\" >Konferencja naukowa &#8222;Kompetencje cyfrowe w siatce poj\u0119ciowej transformacji cyfrowej&#8221;<\/a><\/h2>\n\n<div class=\"wp-block-post-excerpt\"><p class=\"wp-block-post-excerpt__excerpt\">Konferencja naukowa &#8222;Kompetencje cyfrowe w siatce poj\u0119ciowej transformacji cyfrowej&#8221; w dniu 18 grudnia 2023<\/p><p class=\"wp-block-post-excerpt__more-text\"><a class=\"wp-block-post-excerpt__more-link\" href=\"https:\/\/kompetencjecyfrowe.uksw.edu.pl\/?p=190\">Czytaj dalej&#8230;<\/a><\/p><\/div><\/div>\n<\/div>\n\n<\/li><li class=\"wp-block-post post-183 post type-post status-publish format-standard hentry category-bez-kategorii\">\n\n<div class=\"wp-block-columns alignwide is-layout-flex wp-container-core-columns-layout-3 wp-block-columns-is-layout-flex\">\n<div class=\"wp-block-column is-layout-flow wp-block-column-is-layout-flow\" style=\"flex-basis:100%\"><h2 class=\"wp-block-post-title\"><a href=\"https:\/\/kompetencjecyfrowe.uksw.edu.pl\/?p=183\" target=\"_self\" >Konferencja naukowa \u201eKoncepcja bazy wiedzy jako elementu podnoszenia kompetencji cyfrowych w szko\u0142ach wy\u017cszych&#8221;<\/a><\/h2>\n\n<div class=\"wp-block-post-excerpt\"><p class=\"wp-block-post-excerpt__excerpt\">Konferencja naukowa \u201eKoncepcja bazy wiedzy jako elementu podnoszenia kompetencji cyfrowych w szko\u0142ach wy\u017cszych&#8221; w dniu 15 grudnia 2023<\/p><p class=\"wp-block-post-excerpt__more-text\"><a class=\"wp-block-post-excerpt__more-link\" href=\"https:\/\/kompetencjecyfrowe.uksw.edu.pl\/?p=183\">Czytaj dalej&#8230;<\/a><\/p><\/div><\/div>\n<\/div>\n\n<\/li><li class=\"wp-block-post post-76 post type-post status-publish format-standard hentry category-bez-kategorii\">\n\n<div class=\"wp-block-columns alignwide is-layout-flex wp-container-core-columns-layout-4 wp-block-columns-is-layout-flex\">\n<div class=\"wp-block-column is-layout-flow wp-block-column-is-layout-flow\" style=\"flex-basis:100%\"><h2 class=\"wp-block-post-title\"><a href=\"https:\/\/kompetencjecyfrowe.uksw.edu.pl\/?p=76\" target=\"_self\" >Konferencja Naukowa &#8222;Wzmacnianie odporno\u015bci szk\u00f3\u0142 wy\u017cszych na cyberataki przez podnoszenie kompetencji cyfrowych&#8221;<\/a><\/h2>\n\n<div class=\"wp-block-post-excerpt\"><p class=\"wp-block-post-excerpt__excerpt\">Konferencja Naukowa &#8222;Wzmacnianie odporno\u015bci szk\u00f3\u0142 wy\u017cszych na cyberataki przez podnoszenie kompetencji cyfrowych&#8221; w dniu 8 grudnia 2023<\/p><p class=\"wp-block-post-excerpt__more-text\"><a class=\"wp-block-post-excerpt__more-link\" href=\"https:\/\/kompetencjecyfrowe.uksw.edu.pl\/?p=76\">Czytaj dalej&#8230;<\/a><\/p><\/div><\/div>\n<\/div>\n\n<\/li><li class=\"wp-block-post post-215 post type-post status-publish format-standard hentry category-bez-kategorii\">\n\n<div class=\"wp-block-columns alignwide is-layout-flex wp-container-core-columns-layout-5 wp-block-columns-is-layout-flex\">\n<div class=\"wp-block-column is-layout-flow wp-block-column-is-layout-flow\" style=\"flex-basis:100%\"><h2 class=\"wp-block-post-title\"><a href=\"https:\/\/kompetencjecyfrowe.uksw.edu.pl\/?p=215\" target=\"_self\" >Konferencja naukowa &#8222;Model podnoszenia kompetencji cyfrowych w szko\u0142ach wy\u017cszych &#8211; struktura bada\u0144 w 2023&#8221;<\/a><\/h2>\n\n<div class=\"wp-block-post-excerpt\"><p class=\"wp-block-post-excerpt__excerpt\">Konferencja Naukowa Model podnoszenia kompetencji cyfrowych w szko\u0142ach wy\u017cszych &#8211; struktura bada\u0144 w 2023 w dniu 23 listopada 2023<\/p><p class=\"wp-block-post-excerpt__more-text\"><a class=\"wp-block-post-excerpt__more-link\" href=\"https:\/\/kompetencjecyfrowe.uksw.edu.pl\/?p=215\">Czytaj dalej&#8230;<\/a><\/p><\/div><\/div>\n<\/div>\n\n<\/li><\/ul><\/div>\n","protected":false},"excerpt":{"rendered":"<p>W dniu 15 grudnia 2023r. oby\u0142a si\u0119 konferencja naukowa Koncepcja bazy wiedzy jako elementu podnoszenia kompetencji cyfrowych w szko\u0142ach wy\u017cszych<\/p>\n","protected":false},"author":4,"featured_media":0,"parent":0,"menu_order":0,"comment_status":"closed","ping_status":"closed","template":"","meta":{"footnotes":""},"_links":{"self":[{"href":"https:\/\/kompetencjecyfrowe.uksw.edu.pl\/index.php?rest_route=\/wp\/v2\/pages\/45"}],"collection":[{"href":"https:\/\/kompetencjecyfrowe.uksw.edu.pl\/index.php?rest_route=\/wp\/v2\/pages"}],"about":[{"href":"https:\/\/kompetencjecyfrowe.uksw.edu.pl\/index.php?rest_route=\/wp\/v2\/types\/page"}],"author":[{"embeddable":true,"href":"https:\/\/kompetencjecyfrowe.uksw.edu.pl\/index.php?rest_route=\/wp\/v2\/users\/4"}],"replies":[{"embeddable":true,"href":"https:\/\/kompetencjecyfrowe.uksw.edu.pl\/index.php?rest_route=%2Fwp%2Fv2%2Fcomments&post=45"}],"version-history":[{"count":14,"href":"https:\/\/kompetencjecyfrowe.uksw.edu.pl\/index.php?rest_route=\/wp\/v2\/pages\/45\/revisions"}],"predecessor-version":[{"id":222,"href":"https:\/\/kompetencjecyfrowe.uksw.edu.pl\/index.php?rest_route=\/wp\/v2\/pages\/45\/revisions\/222"}],"wp:attachment":[{"href":"https:\/\/kompetencjecyfrowe.uksw.edu.pl\/index.php?rest_route=%2Fwp%2Fv2%2Fmedia&parent=45"}],"curies":[{"name":"wp","href":"https:\/\/api.w.org\/{rel}","templated":true}]}}