{"id":48,"date":"2023-12-17T08:59:06","date_gmt":"2023-12-17T07:59:06","guid":{"rendered":"https:\/\/kompetencjecyfrowe.uksw.edu.pl\/?page_id=48"},"modified":"2024-01-22T18:23:28","modified_gmt":"2024-01-22T17:23:28","slug":"prawo","status":"publish","type":"page","link":"https:\/\/kompetencjecyfrowe.uksw.edu.pl\/?page_id=48","title":{"rendered":"Wykaz akt\u00f3w prawnych"},"content":{"rendered":"\n<table id=\"tablepress-1\" class=\"tablepress tablepress-id-1\">\n<thead>\n<tr class=\"row-1 odd\">\n\t<th class=\"column-1\">Rodzaj aktu prawnego<\/th><th class=\"column-2\">Data<\/th><th class=\"column-3\">Nazwa<\/th><th class=\"column-4\">Opublikowano<\/th><th class=\"column-5\">URL<\/th>\n<\/tr>\n<\/thead>\n<tbody class=\"row-hover\">\n<tr class=\"row-2 even\">\n\t<td class=\"column-1\">Ustawa<\/td><td class=\"column-2\">7\/20\/2017<\/td><td class=\"column-3\">Ustawa z dnia 20 lipca 2018 r. &#8211; Prawo o szkolnictwie wy\u017cszym i nauce<\/td><td class=\"column-4\">Dz. U. z 2023 r. poz. 742 z p\u00f3\u017an. zm.<\/td><td class=\"column-5\">https:\/\/isap.sejm.gov.pl\/isap.nsf\/DocDetails.xsp?id=WDU20230000742<\/td>\n<\/tr>\n<tr class=\"row-3 odd\">\n\t<td class=\"column-1\">Ustawa<\/td><td class=\"column-2\">7\/7\/2023<\/td><td class=\"column-3\">Ustawa z dnia 7 lipca 2023 r. o wsparciu rozwoju kompetencji cyfrowych uczni\u00f3w i nauczycieli<\/td><td class=\"column-4\">Dz. U. poz. 1369<\/td><td class=\"column-5\">https:\/\/isap.sejm.gov.pl\/isap.nsf\/DocDetails.xsp?id=WDU20230001369<\/td>\n<\/tr>\n<tr class=\"row-4 even\">\n\t<td class=\"column-1\">Ustawa<\/td><td class=\"column-2\">12\/14\/2016<\/td><td class=\"column-3\">Ustawa z dnia 14 grudnia 2016 r. &#8211; Prawo o\u015bwiatowe<\/td><td class=\"column-4\">Dz. U. z 2023 r. poz. 900 z p\u00f3\u017an. zm.<\/td><td class=\"column-5\">https:\/\/isap.sejm.gov.pl\/isap.nsf\/DocDetails.xsp?id=WDU20230000900<\/td>\n<\/tr>\n<tr class=\"row-5 odd\">\n\t<td class=\"column-1\">Ustawa<\/td><td class=\"column-2\">2\/17\/2005<\/td><td class=\"column-3\">Ustawa z dnia 17 lutego 2005 r. o informatyzacji dzia\u0142alno\u015bci podmiot\u00f3w realizuj\u0105cych zadania publiczne<\/td><td class=\"column-4\">Dz. U. z 2023 r. poz. 57 z p\u00f3\u017an. zm.<\/td><td class=\"column-5\">https:\/\/isap.sejm.gov.pl\/isap.nsf\/DocDetails.xsp?id=WDU20230000057<\/td>\n<\/tr>\n<tr class=\"row-6 even\">\n\t<td class=\"column-1\">Ustawa<\/td><td class=\"column-2\">7\/5\/2018<\/td><td class=\"column-3\">Ustawa z dnia 5 lipca 2018 r. o krajowym systemie cyberbezpiecze\u0144stwa<\/td><td class=\"column-4\">Dz. U. z 2023 r. poz. 913 z p\u00f3\u017an. zm.<\/td><td class=\"column-5\">https:\/\/isap.sejm.gov.pl\/isap.nsf\/DocDetails.xsp?id=WDU20230000913<\/td>\n<\/tr>\n<tr class=\"row-7 odd\">\n\t<td class=\"column-1\">Ustawa<\/td><td class=\"column-2\">8\/6\/2010<\/td><td class=\"column-3\">Ustawa z dnia 6 sierpnia 2010 r. o dowodach osobistych<\/td><td class=\"column-4\">Dz. U. z 2022 r. poz. 671 z p\u00f3\u017an. zm.<\/td><td class=\"column-5\">https:\/\/isap.sejm.gov.pl\/isap.nsf\/DocDetails.xsp?id=WDU20220000671<\/td>\n<\/tr>\n<tr class=\"row-8 even\">\n\t<td class=\"column-1\">Ustawa<\/td><td class=\"column-2\">5\/10\/2018<\/td><td class=\"column-3\">Ustawa z dnia 10 maja 2018 r. o ochronie danych osobowych<\/td><td class=\"column-4\">Dz. U. z 2019 r. poz. 1781<\/td><td class=\"column-5\">https:\/\/isap.sejm.gov.pl\/isap.nsf\/DocDetails.xsp?id=WDU20190001781<\/td>\n<\/tr>\n<tr class=\"row-9 odd\">\n\t<td class=\"column-1\">Ustawa<\/td><td class=\"column-2\">9\/5\/2016<\/td><td class=\"column-3\">Ustawa z dnia 5 wrze\u015bnia 2016 r. o us\u0142ugach zaufania oraz identyfikacji elektronicznej<\/td><td class=\"column-4\">Dz. U. z 2021 r. poz. 1797 z p\u00f3\u017an. zm.<\/td><td class=\"column-5\">https:\/\/isap.sejm.gov.pl\/isap.nsf\/DocDetails.xsp?id=WDU20210001797<\/td>\n<\/tr>\n<tr class=\"row-10 even\">\n\t<td class=\"column-1\">Ustawa<\/td><td class=\"column-2\">7\/16\/2004<\/td><td class=\"column-3\">Ustawa z dnia 16 lipca 2004 r. Prawo telekomunikacyjne<\/td><td class=\"column-4\">Dz. U. z 2022 r. poz. 1648 z p\u00f3\u017an. zm.<\/td><td class=\"column-5\">https:\/\/isap.sejm.gov.pl\/isap.nsf\/DocDetails.xsp?id=WDU20220001648<\/td>\n<\/tr>\n<tr class=\"row-11 odd\">\n\t<td class=\"column-1\">Ustawa<\/td><td class=\"column-2\">11\/18\/2020<\/td><td class=\"column-3\">Ustawa z dnia 18 listopada 2020 r. o dor\u0119czeniach elektronicznych<\/td><td class=\"column-4\">Dz. U. z 2023 r. poz. 285 z p\u00f3\u017an. zm.<\/td><td class=\"column-5\">https:\/\/isap.sejm.gov.pl\/isap.nsf\/DocDetails.xsp?id=WDU20230000285<\/td>\n<\/tr>\n<tr class=\"row-12 even\">\n\t<td class=\"column-1\">Ustawa<\/td><td class=\"column-2\">5\/16\/2023<\/td><td class=\"column-3\">Ustawa z dnia 26 maja 2023 r. o aplikacji mObywatel<\/td><td class=\"column-4\">Dz. U. z 2023 r. poz. 1234 z p\u00f3\u017an. zm.<\/td><td class=\"column-5\">https:\/\/isap.sejm.gov.pl\/isap.nsf\/DocDetails.xsp?id=WDU20230001234<\/td>\n<\/tr>\n<tr class=\"row-13 odd\">\n\t<td class=\"column-1\">Ustawa<\/td><td class=\"column-2\">7\/7\/2023<\/td><td class=\"column-3\">Ustawa z dnia 7 lipca 2023 r. o zmianie niekt\u00f3rych ustaw w celu ograniczania niekt\u00f3rych skutk\u00f3w kradzie\u017cy to\u017csamo\u015bci<\/td><td class=\"column-4\">Dz. U. z 2023 r. poz. 1394<\/td><td class=\"column-5\">https:\/\/isap.sejm.gov.pl\/isap.nsf\/DocDetails.xsp?id=WDU20230001394<\/td>\n<\/tr>\n<tr class=\"row-14 even\">\n\t<td class=\"column-1\">Rozporz\u0105dzenie PE<\/td><td class=\"column-2\">4\/27\/2016<\/td><td class=\"column-3\">Rozporz\u0105dzenie Parlamentu Europejskiego i Rady (UE) 2016\/679 z dnia 27 kwietnia 2016 r. w sprawie ochrony os\u00f3b fizycznych w zwi\u0105zku z przetwarzaniem danych osobowych i w sprawie swobodnego przep\u0142ywu takich danych oraz uchylenia dyrektywy 95\/46\/WE (og\u00f3lne rozporz\u0105dzenie o ochronie danych)<\/td><td class=\"column-4\">Dz. U. UE. L. z 2016 r. Nr 119, str. 1 z p\u00f3\u017an. zm.<\/td><td class=\"column-5\">https:\/\/eur-lex.europa.eu\/legal-content\/PL\/TXT\/HTML\/?uri=OJ:L:2016:119:FULL&amp;from=MT<\/td>\n<\/tr>\n<tr class=\"row-15 odd\">\n\t<td class=\"column-1\">Rozporz\u0105dzenie PE<\/td><td class=\"column-2\">7\/23\/2014<\/td><td class=\"column-3\">Rozporz\u0105dzenie Parlamentu Europejskiego i Rady (UE) nr 910\/2014 z dnia 23 lipca 2014 r. w sprawie identyfikacji elektronicznej i us\u0142ug zaufania w odniesieniu do transakcji elektronicznych na rynku wewn\u0119trznym oraz uchylaj\u0105ce dyrektyw\u0119 1999\/93\/WE<\/td><td class=\"column-4\">Dz. U. UE. L. z 2014 r. Nr 257, str. 73<\/td><td class=\"column-5\">https:\/\/eur-lex.europa.eu\/legal-content\/PL\/TXT\/?uri=uriserv%3AOJ.L_.2014.257.01.0073.01.POL&amp;toc=OJ%3AL%3A2014%3A257%3AFULL<\/td>\n<\/tr>\n<tr class=\"row-16 even\">\n\t<td class=\"column-1\">Dyrektywa PE<\/td><td class=\"column-2\">12\/13\/2022<\/td><td class=\"column-3\">Dyrektywa Parlamentu Europejskiego i Rady (UE) 2022\/2555 z dnia 14 grudnia 2022 r. w sprawie \u015brodk\u00f3w na rzecz wysokiego wsp\u00f3lnego poziomu cyberbezpiecze\u0144stwa na terytorium Unii, zmieniaj\u0105ca rozporz\u0105dzenie (UE) nr 910\/2014 i dyrektyw\u0119 (UE) 2018\/1972 oraz uchylaj\u0105ca dyrektyw\u0119 (UE) 2016\/1148 (dyrektywa NIS 2)<\/td><td class=\"column-4\">Dz. U. UE. L. z 2022 r. Nr 333, str. 80<\/td><td class=\"column-5\">https:\/\/www.prawo.pl\/akty\/dz-u-ue-l-2022-333-80,72101353.html<\/td>\n<\/tr>\n<tr class=\"row-17 odd\">\n\t<td class=\"column-1\">Rozporz\u0105dzenie<\/td><td class=\"column-2\">10\/30\/2006<\/td><td class=\"column-3\">Rozporz\u0105dzenie Ministra Spraw Wewn\u0119trznych i Administracji z dnia 30 pa\u017adziernika 2006 r. w sprawie niezb\u0119dnych element\u00f3w struktury dokument\u00f3w elektronicznych<\/td><td class=\"column-4\">Dz. U. Nr 206, poz. 1517<\/td><td class=\"column-5\">https:\/\/isap.sejm.gov.pl\/isap.nsf\/DocDetails.xsp?id=WDU20062061517<\/td>\n<\/tr>\n<tr class=\"row-18 even\">\n\t<td class=\"column-1\">Rozporz\u0105dzenie<\/td><td class=\"column-2\">12\/27\/2011<\/td><td class=\"column-3\">Rozporz\u0105dzenie Prezesa Rady Ministr\u00f3w z dnia 27 grudnia 2011 r. w sprawie wymaga\u0144 technicznych dla dokument\u00f3w elektronicznych zawieraj\u0105cych akty normatywne i inne akty prawne, dziennik\u00f3w urz\u0119dowych wydawanych w postaci elektronicznej oraz \u015brodk\u00f3w komunikacji elektronicznej i informatycznych no\u015bnik\u00f3w danych<\/td><td class=\"column-4\">Dz. U. Nr 289, poz. 1699 z p\u00f3\u017an. zm.<\/td><td class=\"column-5\">https:\/\/isap.sejm.gov.pl\/isap.nsf\/DocDetails.xsp?id=WDU20112891699<\/td>\n<\/tr>\n<tr class=\"row-19 odd\">\n\t<td class=\"column-1\">Uchwa\u0142a<\/td><td class=\"column-2\">10\/22\/2019<\/td><td class=\"column-3\">Uchwa\u0142a nr 125 Rady Ministr\u00f3w z dnia 22 pa\u017adziernika 2019 r. w sprawie Strategii Cyberbezpiecze\u0144stwa Rzeczypospolitej Polskiej na lata 2019-2024<\/td><td class=\"column-4\">M. P. z 2019 r. poz. 1037<\/td><td class=\"column-5\">https:\/\/isap.sejm.gov.pl\/isap.nsf\/DocDetails.xsp?id=WMP20190001037<\/td>\n<\/tr>\n<tr class=\"row-20 even\">\n\t<td class=\"column-1\">Uchwa\u0142a<\/td><td class=\"column-2\">2\/21\/2023<\/td><td class=\"column-3\">Uchwa\u0142a nr 24 Rady Ministr\u00f3w z dnia 21 lutego 2023 r. w sprawie ustanowienia programu rz\u0105dowego pod nazw\u0105 &#8222;Program Rozwoju Kompetencji Cyfrowych&#8221;<\/td><td class=\"column-4\">M. P. z 2023 r. poz. 318<\/td><td class=\"column-5\">https:\/\/isap.sejm.gov.pl\/isap.nsf\/DocDetails.xsp?id=WMP20230000318<\/td>\n<\/tr>\n<tr class=\"row-21 odd\">\n\t<td class=\"column-1\">Zarz\u0105dzenie<\/td><td class=\"column-2\">2\/23\/2022<\/td><td class=\"column-3\">Zarz\u0105dzenie Nr 2 Ministra Cyfryzacji z dnia 23 lutego 2022 r. w sprawie ustanowienia i zada\u0144 Pe\u0142nomocnika Ministra Cyfryzacji do spraw relacji z podmiotami dzia\u0142aj\u0105cymi na rzecz rozwoju kompetencji cyfrowych<\/td><td class=\"column-4\">Dz. Urz. MC z 2022 r. poz. 2<\/td><td class=\"column-5\">https:\/\/www.gov.pl\/web\/cyfryzacja\/zarzadzenie-ministra-cyfryzacji-nr-2-w-sprawie-ustanowienia-i-zadan-pelnomocnika-ministra-cyfryzacji-do-spraw-relacji-z-podmiotami-dzialajacymi-na-rzecz-rozwoju-kompetencji-cyfrowych<\/td>\n<\/tr>\n<tr class=\"row-22 even\">\n\t<td class=\"column-1\">Zarz\u0105dzenie<\/td><td class=\"column-2\">3\/20\/2013<\/td><td class=\"column-3\">Zarz\u0105dzenie Nr 16 Ministra Administracji i Cyfryzacji z dnia 20 marca 2015 r. w sprawie powo\u0142ania Zespo\u0142u do spraw koordynacji dzia\u0142a\u0144 w obszarze e-administracji, udost\u0119pniania informacji sektora publicznego oraz rozwoju kompetencji cyfrowych<\/td><td class=\"column-4\">Dz. Urz. MAiC z 2015 r. poz. 22 z p\u00f3\u017an. zm.<\/td><td class=\"column-5\">https:\/\/www.infor.pl\/akt-prawny\/U38.2015.008.0000022,zarzadzenie-nr-16-ministra-administracji-i-cyfryzacji-w-sprawie-powolania-zespolu-do-spraw-koordynacji-dzialan-w-obszarze-eadministracji-udostepniania-informacji-sektora-publicznego-oraz-rozwoju-kompe.html<\/td>\n<\/tr>\n<tr class=\"row-23 odd\">\n\t<td class=\"column-1\">Zarz\u0105dzenie<\/td><td class=\"column-2\">4\/28\/2023<\/td><td class=\"column-3\">Zarz\u0105dzenie nr 106 Prezesa Rady Ministr\u00f3w z dnia 28 kwietnia 2023 r. w sprawie nadania statutu Ministerstwu Cyfryzacji<\/td><td class=\"column-4\">M. P. z 2023 r. poz. 465 z p\u00f3\u017an. zm.<\/td><td class=\"column-5\">https:\/\/isap.sejm.gov.pl\/isap.nsf\/DocDetails.xsp?id=WMP20230000465<\/td>\n<\/tr>\n<tr class=\"row-24 even\">\n\t<td class=\"column-1\">Rozporz\u0105dzenie PE<\/td><td class=\"column-2\">10\/19\/2022<\/td><td class=\"column-3\">Rozporz\u0105dzenie Parlamentu Europejskiego i Rady (UE) 2022\/2065 z dnia 19 pa\u017adziernika 2022 r. w sprawie jednolitego rynku us\u0142ug cyfrowych oraz zmiany dyrektywy 2000\/31\/WE (akt o us\u0142ugach cyfrowych)<\/td><td class=\"column-4\">Dz. U. UE. L. z 2022 r. Nr 277, str. 1 z p\u00f3\u017an. zm.<\/td><td class=\"column-5\">https:\/\/eur-lex.europa.eu\/legal-content\/PL\/TXT\/?uri=uriserv%3AOJ.L_.2022.277.01.0001.01.POL&amp;toc=OJ%3AL%3A2022%3A277%3AFULL<\/td>\n<\/tr>\n<tr class=\"row-25 odd\">\n\t<td class=\"column-1\"><\/td><td class=\"column-2\"><\/td><td class=\"column-3\"><\/td><td class=\"column-4\"><\/td><td class=\"column-5\"><\/td>\n<\/tr>\n<tr class=\"row-26 even\">\n\t<td class=\"column-1\"><\/td><td class=\"column-2\"><\/td><td class=\"column-3\"><\/td><td class=\"column-4\"><\/td><td class=\"column-5\"><\/td>\n<\/tr>\n<\/tbody>\n<\/table>\n<!-- #tablepress-1 from cache -->","protected":false},"excerpt":{"rendered":"","protected":false},"author":4,"featured_media":0,"parent":0,"menu_order":0,"comment_status":"closed","ping_status":"closed","template":"","meta":{"footnotes":""},"_links":{"self":[{"href":"https:\/\/kompetencjecyfrowe.uksw.edu.pl\/index.php?rest_route=\/wp\/v2\/pages\/48"}],"collection":[{"href":"https:\/\/kompetencjecyfrowe.uksw.edu.pl\/index.php?rest_route=\/wp\/v2\/pages"}],"about":[{"href":"https:\/\/kompetencjecyfrowe.uksw.edu.pl\/index.php?rest_route=\/wp\/v2\/types\/page"}],"author":[{"embeddable":true,"href":"https:\/\/kompetencjecyfrowe.uksw.edu.pl\/index.php?rest_route=\/wp\/v2\/users\/4"}],"replies":[{"embeddable":true,"href":"https:\/\/kompetencjecyfrowe.uksw.edu.pl\/index.php?rest_route=%2Fwp%2Fv2%2Fcomments&post=48"}],"version-history":[{"count":3,"href":"https:\/\/kompetencjecyfrowe.uksw.edu.pl\/index.php?rest_route=\/wp\/v2\/pages\/48\/revisions"}],"predecessor-version":[{"id":498,"href":"https:\/\/kompetencjecyfrowe.uksw.edu.pl\/index.php?rest_route=\/wp\/v2\/pages\/48\/revisions\/498"}],"wp:attachment":[{"href":"https:\/\/kompetencjecyfrowe.uksw.edu.pl\/index.php?rest_route=%2Fwp%2Fv2%2Fmedia&parent=48"}],"curies":[{"name":"wp","href":"https:\/\/api.w.org\/{rel}","templated":true}]}}