{"id":502,"date":"2024-01-22T18:35:34","date_gmt":"2024-01-22T17:35:34","guid":{"rendered":"https:\/\/kompetencjecyfrowe.uksw.edu.pl\/?page_id=502"},"modified":"2024-01-29T12:52:19","modified_gmt":"2024-01-29T11:52:19","slug":"terminologia","status":"publish","type":"page","link":"https:\/\/kompetencjecyfrowe.uksw.edu.pl\/?page_id=502","title":{"rendered":"Terminologia"},"content":{"rendered":"\n<p><strong>SIATKA POJ\u0118CIOWA TRANSFORMACJI CYFROWEJ<\/strong> <strong>I LEKSYKON KOMPETENCJI CYFROWYCH<\/strong><\/p>\n\n\n\n<p class=\"has-text-align-left\">W blisko 3\u00a0000 akt\u00f3w Unii Europejskiej odnosz\u0105cych si\u0119 do procesu transformacji cyfrowej,\u00a0 publikowanych w systemie eur-lex, pojawiaj\u0105 si\u0119 terminy <a>\u201ekompetencje cyfrowe\u201d i \u201eumiej\u0119tno\u015bci cyfrowe\u201d<\/a>, m.in. w kontek\u015bcie finansowania zada\u0144 rozwoju i wska\u017anik\u00f3w ich realizacji.<\/p>\n\n\n\n<p class=\"has-text-align-left\">Terminy&nbsp; \u201ekompetencje cyfrowe\u201d i \u201eumiej\u0119tno\u015bci cyfrowe\u201d wyst\u0119puj\u0105 te\u017c w krajowych aktach prawnych \u2013 w Polsce w ponad 180 aktach r\u00f3\u017cnej rangi. Przyj\u0119ty w 2023 r. \u201eProgram rozwoju kompetencji cyfrowych\u201d, definiuje kompetencje cyfrowe jako \u201eharmonijn\u0105 kompozycj\u0119 wiedzy, umiej\u0119tno\u015bci i postaw umo\u017cliwiaj\u0105cych \u017cycie, uczenie si\u0119 i prac\u0119 w spo\u0142ecze\u0144stwie cyfrowym, tj. spo\u0142ecze\u0144stwie wykorzystuj\u0105cym w \u017cyciu codziennym i pracy technologie cyfrowe\u201d.<\/p>\n\n\n\n<p class=\"has-text-align-left\">Program rozwoju kompetencji cyfrowych wytycza m.in. zadania szk\u00f3\u0142 wy\u017cszych&nbsp; i organu w\u0142a\u015bciwego w sprawach nauki i szkolnictwa wy\u017cszego. Jednak ujawnia si\u0119 przy tym niesp\u00f3jno\u015b\u0107 siatki poj\u0119ciowej. W podstawowych ustawach dotycz\u0105cych szk\u00f3\u0142 wy\u017cszych, nie pojawia si\u0119 termin kompetencje cyfrowe, a wiedz\u0119 i umiej\u0119tno\u015bci ujmuje si\u0119 w nich jako elementy kwalifikacji (ok.1000 razy). Natomiast w procesach kontroli i wska\u017anikach statystycznych, oceny szkolnictwa wy\u017cszego odnosz\u0105 si\u0119 do kompetencji cyfrowych lub umiej\u0119tno\u015bci cyfrowych i wypadaj\u0105 niepomy\u015blnie.<\/p>\n\n\n\n<p class=\"has-text-align-left\">Elementem podnoszenia kompetencji cyfrowych jest poznanie siatki poj\u0119ciowej transformacji cyfrowej. Ma je u\u0142atwi\u0107 dost\u0119pny on-line \u201eLeksykon kompetencji cyfrowych\u201d. Zespo\u0142owe, multidyscyplinarne prace nad Leksykonem podj\u0119te w listopadzie 2023 r., b\u0119d\u0105 te\u017c pomocne w ustalaniu mankament\u00f3w terminologicznych i ich eliminowaniu, w dostosowaniu do aktualnych potrzeb prawnych instrument\u00f3w wspierania rozwoju kompetencji cyfrowych i budowie sp\u00f3jnego modelu normatywnego podnoszenia kompetencji cyfrowych w szko\u0142ach wy\u017cszych.<\/p>\n","protected":false},"excerpt":{"rendered":"<p>SIATKA POJ\u0118CIOWA TRANSFORMACJI CYFROWEJ I LEKSYKON KOMPETENCJI CYFROWYCH W blisko 3\u00a0000 akt\u00f3w Unii Europejskiej odnosz\u0105cych [&hellip;]<\/p>\n","protected":false},"author":2,"featured_media":0,"parent":499,"menu_order":0,"comment_status":"closed","ping_status":"closed","template":"","meta":{"footnotes":""},"_links":{"self":[{"href":"https:\/\/kompetencjecyfrowe.uksw.edu.pl\/index.php?rest_route=\/wp\/v2\/pages\/502"}],"collection":[{"href":"https:\/\/kompetencjecyfrowe.uksw.edu.pl\/index.php?rest_route=\/wp\/v2\/pages"}],"about":[{"href":"https:\/\/kompetencjecyfrowe.uksw.edu.pl\/index.php?rest_route=\/wp\/v2\/types\/page"}],"author":[{"embeddable":true,"href":"https:\/\/kompetencjecyfrowe.uksw.edu.pl\/index.php?rest_route=\/wp\/v2\/users\/2"}],"replies":[{"embeddable":true,"href":"https:\/\/kompetencjecyfrowe.uksw.edu.pl\/index.php?rest_route=%2Fwp%2Fv2%2Fcomments&post=502"}],"version-history":[{"count":8,"href":"https:\/\/kompetencjecyfrowe.uksw.edu.pl\/index.php?rest_route=\/wp\/v2\/pages\/502\/revisions"}],"predecessor-version":[{"id":563,"href":"https:\/\/kompetencjecyfrowe.uksw.edu.pl\/index.php?rest_route=\/wp\/v2\/pages\/502\/revisions\/563"}],"up":[{"embeddable":true,"href":"https:\/\/kompetencjecyfrowe.uksw.edu.pl\/index.php?rest_route=\/wp\/v2\/pages\/499"}],"wp:attachment":[{"href":"https:\/\/kompetencjecyfrowe.uksw.edu.pl\/index.php?rest_route=%2Fwp%2Fv2%2Fmedia&parent=502"}],"curies":[{"name":"wp","href":"https:\/\/api.w.org\/{rel}","templated":true}]}}