{"id":510,"date":"2024-01-22T18:42:19","date_gmt":"2024-01-22T17:42:19","guid":{"rendered":"https:\/\/kompetencjecyfrowe.uksw.edu.pl\/?page_id=510"},"modified":"2024-01-30T08:25:37","modified_gmt":"2024-01-30T07:25:37","slug":"wewnetrzne-akty-prawne-uczelni","status":"publish","type":"page","link":"https:\/\/kompetencjecyfrowe.uksw.edu.pl\/?page_id=510","title":{"rendered":"Wewn\u0119trzne akty prawne uczelni"},"content":{"rendered":"\n<p>Pe\u0142ny proces analizy wewn\u0119trznych akt\u00f3w prawnych Uczelni w zakresie kszta\u0142cenia obejmuj\u0105cego               kompetencje cyfrowe<\/p>\n\n\n\n<div class=\"wp-block-file\"><a id=\"wp-block-file--media-614f1e41-7e6a-44c2-a3db-ad3ecef16b33\" href=\"https:\/\/kompetencjecyfrowe.uksw.edu.pl\/wp-content\/uploads\/2024\/01\/Analiza-aktow-prawnych.pdf\">PLIK DO POBRANIA &#8211; ANALIZA AKT\u00d3W PRAWNYCH<\/a><a href=\"https:\/\/kompetencjecyfrowe.uksw.edu.pl\/wp-content\/uploads\/2024\/01\/Analiza-aktow-prawnych.pdf\" class=\"wp-block-file__button wp-element-button\" download aria-describedby=\"wp-block-file--media-614f1e41-7e6a-44c2-a3db-ad3ecef16b33\">Pobierz<\/a><\/div>\n","protected":false},"excerpt":{"rendered":"<p>Pe\u0142ny proces analizy wewn\u0119trznych akt\u00f3w prawnych Uczelni w zakresie kszta\u0142cenia obejmuj\u0105cego kompetencje cyfrowe<\/p>\n","protected":false},"author":2,"featured_media":0,"parent":499,"menu_order":0,"comment_status":"closed","ping_status":"closed","template":"","meta":{"footnotes":""},"_links":{"self":[{"href":"https:\/\/kompetencjecyfrowe.uksw.edu.pl\/index.php?rest_route=\/wp\/v2\/pages\/510"}],"collection":[{"href":"https:\/\/kompetencjecyfrowe.uksw.edu.pl\/index.php?rest_route=\/wp\/v2\/pages"}],"about":[{"href":"https:\/\/kompetencjecyfrowe.uksw.edu.pl\/index.php?rest_route=\/wp\/v2\/types\/page"}],"author":[{"embeddable":true,"href":"https:\/\/kompetencjecyfrowe.uksw.edu.pl\/index.php?rest_route=\/wp\/v2\/users\/2"}],"replies":[{"embeddable":true,"href":"https:\/\/kompetencjecyfrowe.uksw.edu.pl\/index.php?rest_route=%2Fwp%2Fv2%2Fcomments&post=510"}],"version-history":[{"count":2,"href":"https:\/\/kompetencjecyfrowe.uksw.edu.pl\/index.php?rest_route=\/wp\/v2\/pages\/510\/revisions"}],"predecessor-version":[{"id":582,"href":"https:\/\/kompetencjecyfrowe.uksw.edu.pl\/index.php?rest_route=\/wp\/v2\/pages\/510\/revisions\/582"}],"up":[{"embeddable":true,"href":"https:\/\/kompetencjecyfrowe.uksw.edu.pl\/index.php?rest_route=\/wp\/v2\/pages\/499"}],"wp:attachment":[{"href":"https:\/\/kompetencjecyfrowe.uksw.edu.pl\/index.php?rest_route=%2Fwp%2Fv2%2Fmedia&parent=510"}],"curies":[{"name":"wp","href":"https:\/\/api.w.org\/{rel}","templated":true}]}}