{"id":57,"date":"2023-12-17T09:08:39","date_gmt":"2023-12-17T08:08:39","guid":{"rendered":"https:\/\/kompetencjecyfrowe.uksw.edu.pl\/?page_id=57"},"modified":"2024-01-17T19:05:12","modified_gmt":"2024-01-17T18:05:12","slug":"o-projekcie","status":"publish","type":"page","link":"https:\/\/kompetencjecyfrowe.uksw.edu.pl\/?page_id=57","title":{"rendered":"O projekcie"},"content":{"rendered":"\n<p><\/p>\n\n\n\n<p><strong>Model normatywny podnoszenia kompetencji cyfrowych w szko\u0142ach wy\u017cszych<\/strong><\/p>\n\n\n\n<p>Minister Edukacji i Nauki w dniu 20 czerwca 2023r. zleci\u0142 Uniwersytetowi Kardyna\u0142a Stefana Wyszy\u0144skiego w Warszawie wykonanie zadania w zakresie dostosowania do aktualnych potrzeb prawnych instrument\u00f3w wspierania rozwoju kompetencji cyfrowych, rozumianych jako harmonijne po\u0142\u0105czenie wiedzy informatycznej, umiej\u0119tno\u015bci cyfrowych i postaw je integruj\u0105cych w warunkach transformacji cyfrowej pn. \u201eModel normatywny podnoszenia kompetencji cyfrowych w szko\u0142ach wy\u017cszych\u201d<\/p>\n\n\n\n<p>Zadanie realizowane na podstawie umowy MEiN\/2023\/CTC\/2625 z 3 listopada 2023r. obejmuje&nbsp; :<\/p>\n\n\n\n<p>1. diagnoz\u0119 stanu faktycznego kompetencji cyfrowych i jego uwarunkowa\u0144, w tym zr\u00f3\u017cnicowania sytuacji w szko\u0142ach \u015brednich i opracowanie koncepcji monitoringu kompetencji cyfrowych w szko\u0142ach wy\u017cszych;<\/p>\n\n\n\n<p>2. dokonanie przegl\u0105du i oceny rozwi\u0105za\u0144 prawnych dotycz\u0105cych kompetencji cyfrowych wyst\u0119puj\u0105cych w kilkuset aktach powszechnie i wewn\u0119trznie obowi\u0105zuj\u0105cych, w tym uwzgl\u0119dniania kompetencji cyfrowych w programach studi\u00f3w;<\/p>\n\n\n\n<p>3. stworzenie bazy wiedzy wspomagaj\u0105cej w podnoszeniu kompetencji cyfrowych podmioty systemu edukacji i nauki oraz inne podmioty publiczne, m.in. poprzez umo\u017cliwienie wykorzystania dobrych praktyk;<\/p>\n\n\n\n<p>4. sformu\u0142owanie rekomendacji zmian regulacji prawnej w zakresie instrument\u00f3w wspieraj\u0105cych rozw\u00f3j kompetencji cyfrowych w szko\u0142ach wy\u017cszych, uwzgl\u0119dniaj\u0105cych kluczowe znaczenie szkolnictwa wy\u017cszego dla realizacji cel\u00f3w pa\u0144stwa w warunkach transformacji cyfrowej oraz autonomi\u0119 szk\u00f3\u0142 wy\u017cszych.<\/p>\n\n\n\n<p>Dotacja celowa przyznana zosta\u0142a przez Ministra Edukacji i Nauki na podstawie art. 404 ust. 1 ustawy z dnia 20 lipca 2018 r. \u2013 Prawo o szkolnictwie wy\u017cszym i nauce. Warto\u015b\u0107 finansowa wynosi 8&nbsp;000 000 z\u0142, ca\u0142kowita warto\u015b\u0107 zadania 8 000 000 z\u0142.<\/p>\n\n\n\n<p>Zadanie realizowane jest przez Konsorcjum, w sk\u0142ad kt\u00f3rego wchodz\u0105 Uniwersytet Kardyna\u0142a Stefana Wyszy\u0144skiego w Warszawie jako lider oraz: Uniwersytet \u015al\u0105ski, &nbsp;Uniwersytet Wroc\u0142awski, &nbsp;Uniwersytet Szczeci\u0144ski, Katolicki Uniwersytet Lubelski Jana Paw\u0142a II, Uniwersytet Ekonomiczny w Katowicach.<\/p>\n\n\n\n<p>Kierownikiem Zadania jest prof. dr hab. Gra\u017cyna Szpor, Dyrektor Centrum Lider\u00f3w Transformacji Cyfrowej UKSW.<\/p>\n\n\n\n<p><br><\/p>\n","protected":false},"excerpt":{"rendered":"<p>Model normatywny podnoszenia kompetencji cyfrowych w szko\u0142ach wy\u017cszych Minister Edukacji i Nauki w dniu 20 [&hellip;]<\/p>\n","protected":false},"author":4,"featured_media":0,"parent":0,"menu_order":0,"comment_status":"closed","ping_status":"closed","template":"","meta":{"footnotes":""},"_links":{"self":[{"href":"https:\/\/kompetencjecyfrowe.uksw.edu.pl\/index.php?rest_route=\/wp\/v2\/pages\/57"}],"collection":[{"href":"https:\/\/kompetencjecyfrowe.uksw.edu.pl\/index.php?rest_route=\/wp\/v2\/pages"}],"about":[{"href":"https:\/\/kompetencjecyfrowe.uksw.edu.pl\/index.php?rest_route=\/wp\/v2\/types\/page"}],"author":[{"embeddable":true,"href":"https:\/\/kompetencjecyfrowe.uksw.edu.pl\/index.php?rest_route=\/wp\/v2\/users\/4"}],"replies":[{"embeddable":true,"href":"https:\/\/kompetencjecyfrowe.uksw.edu.pl\/index.php?rest_route=%2Fwp%2Fv2%2Fcomments&post=57"}],"version-history":[{"count":4,"href":"https:\/\/kompetencjecyfrowe.uksw.edu.pl\/index.php?rest_route=\/wp\/v2\/pages\/57\/revisions"}],"predecessor-version":[{"id":131,"href":"https:\/\/kompetencjecyfrowe.uksw.edu.pl\/index.php?rest_route=\/wp\/v2\/pages\/57\/revisions\/131"}],"wp:attachment":[{"href":"https:\/\/kompetencjecyfrowe.uksw.edu.pl\/index.php?rest_route=%2Fwp%2Fv2%2Fmedia&parent=57"}],"curies":[{"name":"wp","href":"https:\/\/api.w.org\/{rel}","templated":true}]}}