{"id":60,"date":"2023-12-17T09:16:10","date_gmt":"2023-12-17T08:16:10","guid":{"rendered":"https:\/\/kompetencjecyfrowe.uksw.edu.pl\/?page_id=60"},"modified":"2023-12-17T09:16:10","modified_gmt":"2023-12-17T08:16:10","slug":"mapa-witryny","status":"publish","type":"page","link":"https:\/\/kompetencjecyfrowe.uksw.edu.pl\/?page_id=60","title":{"rendered":"Mapa witryny"},"content":{"rendered":"\n<p><strong><div class=\"wsp-container\"><h2 class=\"wsp-pages-title\">Pages<\/h2>\n<ul class=\"wsp-pages-list\">\n<li class=\"page_item page-item-45\"><a href=\"https:\/\/kompetencjecyfrowe.uksw.edu.pl\/?page_id=45\">Aktualno\u015bci<\/a><\/li>\n<li class=\"page_item page-item-63\"><a href=\"https:\/\/kompetencjecyfrowe.uksw.edu.pl\/?page_id=63\">Deklaracja dost\u0119pno\u015bci<\/a><\/li>\n<li class=\"page_item page-item-60\"><a href=\"https:\/\/kompetencjecyfrowe.uksw.edu.pl\/?page_id=60\">Mapa witryny<\/a><\/li>\n<li class=\"page_item page-item-52 page_item_has_children\"><a href=\"https:\/\/kompetencjecyfrowe.uksw.edu.pl\/?page_id=52\">Materia\u0142y edukacyjne i szkoleniowe<\/a>\n<ul class='children'>\n\t<li class=\"page_item page-item-202\"><a href=\"https:\/\/kompetencjecyfrowe.uksw.edu.pl\/?page_id=202\">Edukacyjna Gra Wideo<\/a><\/li>\n\t<li class=\"page_item page-item-208\"><a href=\"https:\/\/kompetencjecyfrowe.uksw.edu.pl\/?page_id=208\">Kursy on-line<\/a><\/li>\n\t<li class=\"page_item page-item-93\"><a href=\"https:\/\/kompetencjecyfrowe.uksw.edu.pl\/?page_id=93\">Og\u00f3lnodost\u0119pne materia\u0142y filmowe<\/a><\/li>\n\t<li class=\"page_item page-item-195\"><a href=\"https:\/\/kompetencjecyfrowe.uksw.edu.pl\/?page_id=195\">Prezentacje Multimedialne<\/a><\/li>\n\t<li class=\"page_item page-item-88\"><a href=\"https:\/\/kompetencjecyfrowe.uksw.edu.pl\/?page_id=88\">Przydatne strony<\/a><\/li>\n\t<li class=\"page_item page-item-199\"><a href=\"https:\/\/kompetencjecyfrowe.uksw.edu.pl\/?page_id=199\">Webinaria<\/a><\/li>\n<\/ul>\n<\/li>\n<li class=\"page_item page-item-57\"><a href=\"https:\/\/kompetencjecyfrowe.uksw.edu.pl\/?page_id=57\">O projekcie<\/a><\/li>\n<li class=\"page_item page-item-100\"><a href=\"https:\/\/kompetencjecyfrowe.uksw.edu.pl\/?page_id=100\">Player Embed<\/a><\/li>\n<li class=\"page_item page-item-499 page_item_has_children\"><a href=\"https:\/\/kompetencjecyfrowe.uksw.edu.pl\/?page_id=499\">Prawo<\/a>\n<ul class='children'>\n\t<li class=\"page_item page-item-505\"><a href=\"https:\/\/kompetencjecyfrowe.uksw.edu.pl\/?page_id=505\">Akty powszechnie obowi\u0105zuj\u0105ce<\/a><\/li>\n\t<li class=\"page_item page-item-502\"><a href=\"https:\/\/kompetencjecyfrowe.uksw.edu.pl\/?page_id=502\">Terminologia<\/a><\/li>\n\t<li class=\"page_item page-item-510\"><a href=\"https:\/\/kompetencjecyfrowe.uksw.edu.pl\/?page_id=510\">Wewn\u0119trzne akty prawne uczelni<\/a><\/li>\n<\/ul>\n<\/li>\n<li class=\"page_item page-item-50\"><a href=\"https:\/\/kompetencjecyfrowe.uksw.edu.pl\/?page_id=50\">Publikacje<\/a><\/li>\n<li class=\"page_item page-item-98\"><a href=\"https:\/\/kompetencjecyfrowe.uksw.edu.pl\/?page_id=98\">Search Videos<\/a><\/li>\n<li class=\"page_item page-item-524\"><a href=\"https:\/\/kompetencjecyfrowe.uksw.edu.pl\/?page_id=524\">Studia podyplomowe<\/a><\/li>\n<li class=\"page_item page-item-99\"><a href=\"https:\/\/kompetencjecyfrowe.uksw.edu.pl\/?page_id=99\">User Videos<\/a><\/li>\n<li class=\"page_item page-item-96\"><a href=\"https:\/\/kompetencjecyfrowe.uksw.edu.pl\/?page_id=96\">Video Category<\/a><\/li>\n<li class=\"page_item page-item-97\"><a href=\"https:\/\/kompetencjecyfrowe.uksw.edu.pl\/?page_id=97\">Video Tag<\/a><\/li>\n<li class=\"page_item page-item-48\"><a href=\"https:\/\/kompetencjecyfrowe.uksw.edu.pl\/?page_id=48\">Wykaz akt\u00f3w prawnych<\/a><\/li>\n<\/ul>\n<h2 class=\"wsp-posts-title\">Posts by category<\/h2>\n<ul class=\"wsp-posts-list\">\n\t<li><strong class=\"wsp-category-title\">Category: <a href=\"https:\/\/kompetencjecyfrowe.uksw.edu.pl\/?cat=1\">Bez kategorii<\/a><\/strong>\n<ul class=\"wsp-posts-list\">\t\t<li class=\"wsp-post\"><a href=\"https:\/\/kompetencjecyfrowe.uksw.edu.pl\/?p=235\">Konferencja naukowa &#8222;Gry edukacyjne w podnoszeniu kompetencji cyfrowych&#8221;<\/a><\/li>\n\t\t<li class=\"wsp-post\"><a href=\"https:\/\/kompetencjecyfrowe.uksw.edu.pl\/?p=190\">Konferencja naukowa &#8222;Kompetencje cyfrowe w siatce poj\u0119ciowej transformacji cyfrowej&#8221;<\/a><\/li>\n\t\t<li class=\"wsp-post\"><a href=\"https:\/\/kompetencjecyfrowe.uksw.edu.pl\/?p=183\">Konferencja naukowa \u201eKoncepcja bazy wiedzy jako elementu podnoszenia kompetencji cyfrowych w szko\u0142ach wy\u017cszych&#8221;<\/a><\/li>\n\t\t<li class=\"wsp-post\"><a href=\"https:\/\/kompetencjecyfrowe.uksw.edu.pl\/?p=76\">Konferencja Naukowa &#8222;Wzmacnianie odporno\u015bci szk\u00f3\u0142 wy\u017cszych na cyberataki przez podnoszenie kompetencji cyfrowych&#8221;<\/a><\/li>\n\t\t<li class=\"wsp-post\"><a href=\"https:\/\/kompetencjecyfrowe.uksw.edu.pl\/?p=215\">Konferencja naukowa &#8222;Model podnoszenia kompetencji cyfrowych w szko\u0142ach wy\u017cszych &#8211; struktura bada\u0144 w 2023&#8221;<\/a><\/li>\n<\/ul><\/li>\n<\/ul>\n<h2 class=\"wsp-aiovg_videoss-title\">Videos<\/h2>\n<ul class=\"wsp-aiovg_videoss-list\">\n<li><a href=\"https:\/\/kompetencjecyfrowe.uksw.edu.pl\/?aiovg_videos=prof-dr-hab-grazyna-szpor-naukowe-centrum-prawno-informatyczne-uksw\">prof. dr hab. Gra\u017cyna Szpor \u2013 Naukowe Centrum Prawno-Informatyczne, UKSW<\/a><\/li>\n<li><a href=\"https:\/\/kompetencjecyfrowe.uksw.edu.pl\/?aiovg_videos=kompetencje-cyfrowe-w-europie-i-miejsce-polski-na-cyfrowej-mapie-europy\">Kompetencje cyfrowe w Europie i miejsce Polski na cyfrowej mapie Europy<\/a><\/li>\n<li><a href=\"https:\/\/kompetencjecyfrowe.uksw.edu.pl\/?aiovg_videos=kompetencje-cyfrowe-nauczycieli-od-teorii-do-skutecznej-zmiany\">Kompetencje cyfrowe nauczycieli - od teorii do skutecznej zmiany.<\/a><\/li>\n<li><a href=\"https:\/\/kompetencjecyfrowe.uksw.edu.pl\/?aiovg_videos=kompetencje-cyfrowe-priorytetem-dla-sil-zbrojnych\">Kompetencje cyfrowe priorytetem dla si\u0142 zbrojnych<\/a><\/li>\n<li><a href=\"https:\/\/kompetencjecyfrowe.uksw.edu.pl\/?aiovg_videos=kompetencje-cyfrowe-jak-rozwijac-u-siebie-i-studentow-centrum-e-edukacji-politechniki-krakowskiej\">Kompetencje cyfrowe \u2013 jak rozwija\u0107 u siebie i student\u00f3w. Centrum e-edukacji politechniki krakowskiej<\/a><\/li>\n<li><a href=\"https:\/\/kompetencjecyfrowe.uksw.edu.pl\/?aiovg_videos=8-umiejetnosci-ktore-zmienia-twoje-zycie-tak-jak-zmienily-moje\">8 UMIEJ\u0118TNO\u015aCI, kt\u00f3re zmieni\u0105 Twoje \u017cycie (tak jak zmieni\u0142y moje)<\/a><\/li>\n<li><a href=\"https:\/\/kompetencjecyfrowe.uksw.edu.pl\/?aiovg_videos=webinar-jakie-sa-twoje-kompetencje-cyfrowe-nauczycielu\">Webinar \"Jakie s\u0105 Twoje kompetencje cyfrowe, nauczycielu?\"<\/a><\/li>\n<li><a href=\"https:\/\/kompetencjecyfrowe.uksw.edu.pl\/?aiovg_videos=jak-rozwijac-kompetencje-cyfrowe-rozmowa-ekspercka\">Jak rozwija\u0107 kompetencje cyfrowe? | Rozmowa ekspercka<\/a><\/li>\n<\/ul>\n<h2 class=\"wsp-aiovg_categoriess-title\">Video Categories<\/h2>\n<ul class=\"wsp-aiovg_categoriess-list\">\n<li><a href=\"https:\/\/kompetencjecyfrowe.uksw.edu.pl\/?page_id=96&amp;aiovg_category=ogolnodostepne-filmu-z-serwisu-youtube\">Og\u00f3lnodost\u0119pne filmu z serwisu YouTube<\/a><\/li>\n<\/ul>\n<\/div><\/strong><\/p>\n","protected":false},"excerpt":{"rendered":"","protected":false},"author":4,"featured_media":0,"parent":0,"menu_order":0,"comment_status":"closed","ping_status":"closed","template":"","meta":{"footnotes":""},"_links":{"self":[{"href":"https:\/\/kompetencjecyfrowe.uksw.edu.pl\/index.php?rest_route=\/wp\/v2\/pages\/60"}],"collection":[{"href":"https:\/\/kompetencjecyfrowe.uksw.edu.pl\/index.php?rest_route=\/wp\/v2\/pages"}],"about":[{"href":"https:\/\/kompetencjecyfrowe.uksw.edu.pl\/index.php?rest_route=\/wp\/v2\/types\/page"}],"author":[{"embeddable":true,"href":"https:\/\/kompetencjecyfrowe.uksw.edu.pl\/index.php?rest_route=\/wp\/v2\/users\/4"}],"replies":[{"embeddable":true,"href":"https:\/\/kompetencjecyfrowe.uksw.edu.pl\/index.php?rest_route=%2Fwp%2Fv2%2Fcomments&post=60"}],"version-history":[{"count":1,"href":"https:\/\/kompetencjecyfrowe.uksw.edu.pl\/index.php?rest_route=\/wp\/v2\/pages\/60\/revisions"}],"predecessor-version":[{"id":61,"href":"https:\/\/kompetencjecyfrowe.uksw.edu.pl\/index.php?rest_route=\/wp\/v2\/pages\/60\/revisions\/61"}],"wp:attachment":[{"href":"https:\/\/kompetencjecyfrowe.uksw.edu.pl\/index.php?rest_route=%2Fwp%2Fv2%2Fmedia&parent=60"}],"curies":[{"name":"wp","href":"https:\/\/api.w.org\/{rel}","templated":true}]}}