{"id":63,"date":"2023-12-17T09:25:55","date_gmt":"2023-12-17T08:25:55","guid":{"rendered":"https:\/\/kompetencjecyfrowe.uksw.edu.pl\/?page_id=63"},"modified":"2023-12-17T09:25:56","modified_gmt":"2023-12-17T08:25:56","slug":"deklaracja-dostepnosci","status":"publish","type":"page","link":"https:\/\/kompetencjecyfrowe.uksw.edu.pl\/?page_id=63","title":{"rendered":"Deklaracja dost\u0119pno\u015bci"},"content":{"rendered":"\n<h2 class=\"wp-block-heading\">Dost\u0119pno\u015b\u0107 cyfrowa<\/h2>\n\n\n\n<p id=\"a11y-wstep\">Uniwersystet Kardyna\u0142a Wyszy\u0144skiego w Warszawie\u00a0zobowi\u0105zuje si\u0119 zapewni\u0107 dost\u0119pno\u015b\u0107 swojej strony internetowej zgodnie z przepisami ustawy z dnia 4 kwietnia 2019 r. o dost\u0119pno\u015bci cyfrowej stron internetowych i aplikacji mobilnych podmiot\u00f3w publicznych. O\u015bwiadczenie w sprawie dost\u0119pno\u015bci ma zastosowanie do strony internetowej <a href=\"https:\/\/kompetencjecyfrowe.uksw.edu.pl\" target=\"_blank\" rel=\"noreferrer noopener\">https:\/\/kompetencjecyfrowe.uksw.edu.pl<\/a><\/p>\n\n\n\n<p>Data publikacji strony internetowej:\u00a02023-12-18<\/p>\n\n\n\n<p>Data ostatniej du\u017cej aktualizacji:\u00a02023-12-18<\/p>\n\n\n\n<p><\/p>\n\n\n\n<h3 class=\"wp-block-heading\">Stan dost\u0119pno\u015bci cyfrowej<\/h3>\n\n\n\n<p>Strona internetowa jest\u00a0<strong>cz\u0119\u015bciowo zgodna<\/strong>\u00a0z ustaw\u0105 z dnia 4 kwietnia 2019 r. o dost\u0119pno\u015bci cyfrowej stron internetowych i aplikacji mobilnych podmiot\u00f3w publicznych z powodu niezgodno\u015bci lub wy\u0142\u0105cze\u0144 wymienionych poni\u017cej.<\/p>\n\n\n\n<p><\/p>\n\n\n\n<h4 class=\"wp-block-heading\">Niedost\u0119pne elementy lub tre\u015bci<\/h4>\n\n\n\n<ul>\n<li>mog\u0105 wyst\u0119powa\u0107 braki w materia\u0142ach pochodz\u0105cych z innych stron (np. w niekt\u00f3rych materia\u0142ach edukacyjnych), do kt\u00f3rych administratorzy strony nie maj\u0105\u00a0praw edycji<\/li>\n<\/ul>\n\n\n\n<h3 class=\"wp-block-heading\">Przygotowanie deklaracji dost\u0119pno\u015bci<\/h3>\n\n\n\n<p>O\u015bwiadczenie sporz\u0105dzono dnia:\u00a02023-12-18.<\/p>\n\n\n\n<p>Deklaracj\u0119 sporz\u0105dzono na podstawie samooceny przeprowadzonej przez podmiot publiczny.<\/p>\n\n\n\n<p>Data ostatniego przegl\u0105du deklaracji: 20223-12-18.<\/p>\n\n\n\n<p><\/p>\n\n\n\n<h3 class=\"wp-block-heading\">Skr\u00f3ty klawiaturowe<\/h3>\n\n\n\n<p>Na stronie internetowej mo\u017cna korzysta\u0107 ze standardowych skr\u00f3t\u00f3w klawiaturowych przegl\u0105darki.<\/p>\n\n\n\n<p><\/p>\n\n\n\n<h3 class=\"wp-block-heading\" id=\"a11y-kontakt\">Informacje zwrotne i dane kontaktowe<\/h3>\n\n\n\n<p>W przypadku problem\u00f3w z dost\u0119pno\u015bci\u0105 strony internetowej prosimy o ich zg\u0142aszanie na adres poczty e-mail: kontakt@com-learn.pl<\/p>\n\n\n\n<p><\/p>\n\n\n\n<h4 class=\"wp-block-heading\">Obs\u0142uga wniosk\u00f3w i skarg zwi\u0105zanych z dost\u0119pno\u015bci\u0105<\/h4>\n\n\n\n<p>Ka\u017cdy ma prawo do wyst\u0105pienia z \u017c\u0105daniem zapewnienia dost\u0119pno\u015bci cyfrowej strony internetowej, aplikacji mobilnej lub jakiego\u015b ich elementu. Mo\u017cna tak\u017ce za\u017c\u0105da\u0107 udost\u0119pnienia informacji w formach alternatywnych, na przyk\u0142ad odczytanie niedost\u0119pnego cyfrowo dokumentu, opisania zawarto\u015bci filmu bez audiodeskrypcji itp. \u017b\u0105danie powinno zawiera\u0107 dane osoby zg\u0142aszaj\u0105cej \u017c\u0105danie, wskazanie, o kt\u00f3r\u0105 stron\u0119 internetow\u0105 lub aplikacj\u0119 mobiln\u0105 chodzi oraz spos\u00f3b kontaktu. Je\u017celi osoba \u017c\u0105daj\u0105ca zg\u0142asza potrzeb\u0119 otrzymania informacji w formie alternatywnej, powinna tak\u017ce okre\u015bli\u0107 form\u0119 tej informacji.<\/p>\n\n\n\n<p>Podmiot publiczny powinien zrealizowa\u0107 \u017c\u0105danie niezw\u0142ocznie i nie p\u00f3\u017aniej ni\u017c w ci\u0105gu 7 dni. Je\u017celi dotrzymanie tego terminu nie jest mo\u017cliwe, podmiot publiczny niezw\u0142ocznie informuje o tym, kiedy realizacja \u017c\u0105dania b\u0119dzie mo\u017cliwa, przy czym termin ten nie mo\u017ce by\u0107 d\u0142u\u017cszy ni\u017c 2 miesi\u0105ce. Je\u017celi zapewnienie dost\u0119pno\u015bci nie jest mo\u017cliwe, podmiot publiczny mo\u017ce zaproponowa\u0107 alternatywny spos\u00f3b dost\u0119pu do informacji.<\/p>\n\n\n\n<p>W przypadku, gdy podmiot odm\u00f3wi realizacji \u017c\u0105dania zapewnienia dost\u0119pno\u015bci lub alternatywnego dost\u0119pu do informacji, mo\u017cna z\u0142o\u017cy\u0107 skarg\u0119 na takie dzia\u0142anie.<\/p>\n\n\n\n<p>Po wyczerpaniu wszystkich mo\u017cliwo\u015bci skarg\u0119 mo\u017cna przes\u0142a\u0107 tak\u017ce do\u00a0<a href=\"https:\/\/www.rpo.gov.pl\/content\/jak-zglosic-sie-do-rzecznika-praw-obywatelskich\" target=\"_blank\" rel=\"noreferrer noopener\">Rzecznika Praw Obywatelskich<\/a>.<\/p>\n\n\n\n<p><\/p>\n\n\n\n<h2 class=\"wp-block-heading\" id=\"a11y-architektura\"><a href=\"https:\/\/uksw.edu.pl\/deklaracja-dostepnosci\/dostepnosc-architektoniczna\/\">Dost\u0119pno\u015b\u0107 architektoniczna<\/a><\/h2>\n\n\n\n<h3 class=\"wp-block-heading\">Kampus Dewajtis<\/h3>\n\n\n\n<ul>\n<li><a href=\"https:\/\/uksw.edu.pl\/deklaracja-dostepnosci\/dostepnosc-architektoniczna\/kampus-dewajtis-stary-gmach\/\">Stary Gmach<\/a><\/li>\n\n\n\n<li><a href=\"https:\/\/uksw.edu.pl\/deklaracja-dostepnosci\/dostepnosc-architektoniczna\/kampus-dewajtis-lacznik\/\">\u0141\u0105cznik<\/a><\/li>\n\n\n\n<li><a href=\"https:\/\/uksw.edu.pl\/deklaracja-dostepnosci\/dostepnosc-architektoniczna\/kampus-dewajtis-nowy-gmach\/\">Nowy Gmach<\/a><\/li>\n<\/ul>\n\n\n\n<h3 class=\"wp-block-heading\">Kampus W\u00f3ycickiego<\/h3>\n\n\n\n<ul>\n<li><a href=\"https:\/\/uksw.edu.pl\/deklaracja-dostepnosci\/dostepnosc-architektoniczna\/kampus-woycickiego-bud3\/\">Budynek 3<\/a><\/li>\n\n\n\n<li><a href=\"https:\/\/uksw.edu.pl\/deklaracja-dostepnosci\/dostepnosc-architektoniczna\/kampus-woycickiego-bud4\/\">Budynek 4<\/a><\/li>\n\n\n\n<li><a href=\"https:\/\/uksw.edu.pl\/deklaracja-dostepnosci\/dostepnosc-architektoniczna\/kampus-woycickiego-bud5\/\">Budynek 5<\/a><\/li>\n\n\n\n<li><a href=\"https:\/\/uksw.edu.pl\/deklaracja-dostepnosci\/dostepnosc-architektoniczna\/kampus-woycickiego-bud5a\/\">Budynek 5a<\/a><\/li>\n\n\n\n<li><a href=\"https:\/\/uksw.edu.pl\/deklaracja-dostepnosci\/dostepnosc-architektoniczna\/kampus-woycickiego-bud12\/\">Budynek 12<\/a><\/li>\n\n\n\n<li><a href=\"https:\/\/uksw.edu.pl\/deklaracja-dostepnosci\/dostepnosc-architektoniczna\/kampus-woycickiego-bud14\/\">Budynek 14<\/a><\/li>\n\n\n\n<li><a href=\"https:\/\/uksw.edu.pl\/deklaracja-dostepnosci\/dostepnosc-architektoniczna\/kampus-woycickiego-bud15\/\">Budynek 15<\/a><\/li>\n\n\n\n<li><a href=\"https:\/\/uksw.edu.pl\/deklaracja-dostepnosci\/dostepnosc-architektoniczna\/kampus-woycickiego-bud17\/\">Budynek 17<\/a><\/li>\n\n\n\n<li><a href=\"https:\/\/uksw.edu.pl\/deklaracja-dostepnosci\/dostepnosc-architektoniczna\/kampus-woycickiego-bud19\/\">Budynek 19<\/a><\/li>\n\n\n\n<li><a href=\"https:\/\/uksw.edu.pl\/deklaracja-dostepnosci\/dostepnosc-architektoniczna\/kampus-woycickiego-bud20\/\">Budynek 20<\/a><\/li>\n\n\n\n<li><a href=\"https:\/\/uksw.edu.pl\/deklaracja-dostepnosci\/dostepnosc-architektoniczna\/kampus-woycickiego-bud21\/\">Budynek 21<\/a><\/li>\n\n\n\n<li><a href=\"https:\/\/uksw.edu.pl\/deklaracja-dostepnosci\/dostepnosc-architektoniczna\/kampus-woycickiego-bud23\/\">Budynek 23<\/a><\/li>\n\n\n\n<li><a href=\"https:\/\/uksw.edu.pl\/deklaracja-dostepnosci\/dostepnosc-architektoniczna\/kampus-woycickiego-bud24\/\">Budynek 24<\/a><\/li>\n\n\n\n<li><a href=\"https:\/\/uksw.edu.pl\/deklaracja-dostepnosci\/dostepnosc-architektoniczna\/kampus-woycickiego-bud25\/\">Budynek 25<\/a><\/li>\n<\/ul>\n\n\n\n<h3 class=\"wp-block-heading\">Kampus Dziekan\u00f3w Le\u015bny<\/h3>\n\n\n\n<ul>\n<li><a href=\"https:\/\/uksw.edu.pl\/deklaracja-dostepnosci\/dostepnosc-architektoniczna\/kampus-dziekanow-lesny-bud-a\/\">Budynek A<\/a><\/li>\n\n\n\n<li><a href=\"https:\/\/uksw.edu.pl\/deklaracja-dostepnosci\/dostepnosc-architektoniczna\/kampus-dziekanow-lesny-bud-b\/\">Budynek B<\/a><\/li>\n<\/ul>\n\n\n\n<h2 class=\"wp-block-heading\">Dost\u0119pno\u015b\u0107 komunikacyjno-informacyjna<\/h2>\n\n\n\n<p>Na podstawie art. 9 ust. 3 i 4 ustawy z dnia 19 sierpnia 2011 r. o j\u0119zyku migowym i innych \u015brodkach komunikowania si\u0119 (Dz. U. Nr 209, poz. 1243), Uniwersytet Kardyna\u0142a Wyszy\u0144skiego informuje, \u017ce zapewnia osobom uprawnionym mo\u017cliwo\u015b\u0107 korzystania z pomocy t\u0142umacza j\u0119zyka migowego oraz nast\u0119puj\u0105ce \u015brodki wspieraj\u0105ce komunikowanie si\u0119 poczt\u0105 elektroniczn\u0105, kt\u00f3r\u0105 mo\u017cna kierowa\u0107 na adres&nbsp;<a href=\"https:\/\/uksw.edu.pl\/deklaracja-dostepnosci\/m.stanczuk@uksw.edu.pl\">m.stanczuk@uksw.edu.pl<\/a>.<\/p>\n\n\n\n<p>Osoba uprawniona powinna zg\u0142osi\u0107 ch\u0119\u0107 skorzystania z pomocy t\u0142umacza j\u0119zyka migowego lub innej formy komunikowania si\u0119 co najmniej na 3 dni robocze przed wizyt\u0105 w Urz\u0119dzie (z wy\u0142\u0105czeniem sytuacji nag\u0142ych) za po\u015brednictwem osoby przybranej, faksem lub mailem.<\/p>\n\n\n\n<p>W celu usprawnienia obs\u0142ugi osoby uprawnionej zaleca si\u0119, by w zg\u0142oszeniu okre\u015bli\u0107 przedmiot sprawy oraz wskaza\u0107 spos\u00f3b kontaktowania si\u0119 w sprawach zwi\u0105zanych z ustaleniem terminu wizyty, formy komunikowania si\u0119 itp.<\/p>\n\n\n\n<h2 class=\"wp-block-heading\">Informacje dodatkowe<\/h2>\n\n\n\n<p>W przypadku pyta\u0144 zwi\u0105zanych z dzia\u0142aniem system\u00f3w informatycznych prosimy o kontakt z jednostk\u0105 IT:<\/p>\n\n\n\n<p><strong>Centrum System\u00f3w Informatycznych<\/strong><br>Uniwersytet Kardyna\u0142a Stefana Wyszy\u0144skiego w Warszawie<br>ul. Dewajtis 5, Stary Gmach, pok. 001, 01-815 Warszawa<br>tel.&nbsp;<a href=\"https:\/\/uksw.edu.pl\/deklaracja-dostepnosci\/+48%2022%20561%2089%2021\">+48 22 561 89 21<\/a><br>e-mail:&nbsp;<a href=\"https:\/\/uksw.edu.pl\/deklaracja-dostepnosci\/csi@uksw.edu.pl\">csi@uksw.edu.pl<\/a><\/p>\n","protected":false},"excerpt":{"rendered":"<p>Dost\u0119pno\u015b\u0107 cyfrowa Uniwersystet Kardyna\u0142a Wyszy\u0144skiego w Warszawie\u00a0zobowi\u0105zuje si\u0119 zapewni\u0107 dost\u0119pno\u015b\u0107 swojej strony internetowej zgodnie z [&hellip;]<\/p>\n","protected":false},"author":4,"featured_media":0,"parent":0,"menu_order":0,"comment_status":"closed","ping_status":"closed","template":"","meta":{"footnotes":""},"_links":{"self":[{"href":"https:\/\/kompetencjecyfrowe.uksw.edu.pl\/index.php?rest_route=\/wp\/v2\/pages\/63"}],"collection":[{"href":"https:\/\/kompetencjecyfrowe.uksw.edu.pl\/index.php?rest_route=\/wp\/v2\/pages"}],"about":[{"href":"https:\/\/kompetencjecyfrowe.uksw.edu.pl\/index.php?rest_route=\/wp\/v2\/types\/page"}],"author":[{"embeddable":true,"href":"https:\/\/kompetencjecyfrowe.uksw.edu.pl\/index.php?rest_route=\/wp\/v2\/users\/4"}],"replies":[{"embeddable":true,"href":"https:\/\/kompetencjecyfrowe.uksw.edu.pl\/index.php?rest_route=%2Fwp%2Fv2%2Fcomments&post=63"}],"version-history":[{"count":1,"href":"https:\/\/kompetencjecyfrowe.uksw.edu.pl\/index.php?rest_route=\/wp\/v2\/pages\/63\/revisions"}],"predecessor-version":[{"id":64,"href":"https:\/\/kompetencjecyfrowe.uksw.edu.pl\/index.php?rest_route=\/wp\/v2\/pages\/63\/revisions\/64"}],"wp:attachment":[{"href":"https:\/\/kompetencjecyfrowe.uksw.edu.pl\/index.php?rest_route=%2Fwp%2Fv2%2Fmedia&parent=63"}],"curies":[{"name":"wp","href":"https:\/\/api.w.org\/{rel}","templated":true}]}}